{"id":11959,"date":"2019-04-09T21:58:56","date_gmt":"2019-04-09T21:58:56","guid":{"rendered":"https:\/\/pretafinir.hr\/product\/pants-pregnant-hera\/"},"modified":"2022-04-14T18:43:11","modified_gmt":"2022-04-14T18:43:11","slug":"maternity-pants-hera","status":"publish","type":"product","link":"https:\/\/pretafinir.hr\/en\/product\/maternity-pants-hera\/","title":{"rendered":"Maternity pants HERA"},"content":{"rendered":"","protected":false},"excerpt":{"rendered":"<p><span lang=\"en\" tabindex=\"0\">The trousers legs follow the leg line, the waistband at the waist at the back, elastic insert forward. In white and other colors the trouser HERA from material 60% cotton 40% polyester and elastic material in material 100% cotton or 97% cotton 3% elastin. For the exact number of trousers, it is only necessary to check only the circumference of the hips.\u00a0<\/span><\/p>\n<p><span lang=\"en\" tabindex=\"0\"> Orders\u00a0 are accepted in other colors and sizes according to <a href=\"https:\/\/pretafinir.hr\/en\/map-colors-and-materials\/\">the map of colors and materials<\/a> at <a href=\"mailto:pretafinir@pretafinir.hr\">pretafinir@pretafinir.hr<\/a>.<\/span><\/p>\n","protected":false},"featured_media":8188,"template":"","meta":[],"product_brand":[],"product_cat":[353,133,136,278,277],"product_tag":[],"class_list":{"0":"post-11959","1":"product","2":"type-product","3":"status-publish","4":"has-post-thumbnail","6":"product_cat-maternity-working-clothes-en","7":"product_cat-medical-working-clothes-for-women","8":"product_cat-women-pants","9":"product_cat-work-clothes-for-beauty-salons","10":"product_cat-womens-workwear-for-wellness-centers","12":"first","13":"instock","14":"shipping-taxable","15":"purchasable","16":"product-type-variable","17":"has-default-attributes"},"yoast_head":"<!-- This site is optimized with the Yoast SEO plugin v25.2 - https:\/\/yoast.com\/wordpress\/plugins\/seo\/ -->\n<title>Maternity pants HERA - Pretafinir<\/title>\n<meta name=\"robots\" content=\"index, follow, max-snippet:-1, max-image-preview:large, max-video-preview:-1\" \/>\n<link rel=\"canonical\" href=\"https:\/\/pretafinir.hr\/en\/product\/maternity-pants-hera\/\" \/>\n<meta property=\"og:locale\" content=\"en_US\" \/>\n<meta property=\"og:type\" content=\"article\" \/>\n<meta property=\"og:title\" content=\"Maternity pants HERA - Pretafinir\" \/>\n<meta property=\"og:description\" content=\"The trousers legs follow the leg line, the waistband at the waist at the back, elastic insert forward. In white and other colors the trouser HERA from material 60% cotton 40% polyester and elastic material in material 100% cotton or 97% cotton 3% elastin. For the exact number of trousers, it is only necessary to check only the circumference of the hips.\u00a0   Orders\u00a0 are accepted in other colors and sizes according to the map of colors and materials at pretafinir@pretafinir.hr.\" \/>\n<meta property=\"og:url\" content=\"https:\/\/pretafinir.hr\/en\/product\/maternity-pants-hera\/\" \/>\n<meta property=\"og:site_name\" content=\"Pretafinir\" \/>\n<meta property=\"article:publisher\" content=\"https:\/\/www.facebook.com\/pretafinirobrt\" \/>\n<meta property=\"article:modified_time\" content=\"2022-04-14T18:43:11+00:00\" \/>\n<meta property=\"og:image\" content=\"https:\/\/pretafinir.hr\/wp\/wp-content\/uploads\/2019\/04\/hla\u010de-trudni\u010dke-2-radna-odje\u0107a-e1572421981174.jpg\" \/>\n\t<meta property=\"og:image:width\" content=\"1728\" \/>\n\t<meta property=\"og:image:height\" content=\"2592\" \/>\n\t<meta property=\"og:image:type\" content=\"image\/jpeg\" \/>\n<meta name=\"twitter:card\" content=\"summary_large_image\" \/>\n<script type=\"application\/ld+json\" class=\"yoast-schema-graph\">{\"@context\":\"https:\/\/schema.org\",\"@graph\":[{\"@type\":\"WebPage\",\"@id\":\"https:\/\/pretafinir.hr\/en\/product\/maternity-pants-hera\/\",\"url\":\"https:\/\/pretafinir.hr\/en\/product\/maternity-pants-hera\/\",\"name\":\"Maternity pants HERA - Pretafinir\",\"isPartOf\":{\"@id\":\"https:\/\/pretafinir.hr\/#website\"},\"primaryImageOfPage\":{\"@id\":\"https:\/\/pretafinir.hr\/en\/product\/maternity-pants-hera\/#primaryimage\"},\"image\":{\"@id\":\"https:\/\/pretafinir.hr\/en\/product\/maternity-pants-hera\/#primaryimage\"},\"thumbnailUrl\":\"https:\/\/pretafinir.hr\/wp\/wp-content\/uploads\/2019\/04\/hla\u010de-trudni\u010dke-2-radna-odje\u0107a-e1572421981174.jpg\",\"datePublished\":\"2019-04-09T21:58:56+00:00\",\"dateModified\":\"2022-04-14T18:43:11+00:00\",\"breadcrumb\":{\"@id\":\"https:\/\/pretafinir.hr\/en\/product\/maternity-pants-hera\/#breadcrumb\"},\"inLanguage\":\"en-US\",\"potentialAction\":[{\"@type\":\"ReadAction\",\"target\":[\"https:\/\/pretafinir.hr\/en\/product\/maternity-pants-hera\/\"]}]},{\"@type\":\"ImageObject\",\"inLanguage\":\"en-US\",\"@id\":\"https:\/\/pretafinir.hr\/en\/product\/maternity-pants-hera\/#primaryimage\",\"url\":\"https:\/\/pretafinir.hr\/wp\/wp-content\/uploads\/2019\/04\/hla\u010de-trudni\u010dke-2-radna-odje\u0107a-e1572421981174.jpg\",\"contentUrl\":\"https:\/\/pretafinir.hr\/wp\/wp-content\/uploads\/2019\/04\/hla\u010de-trudni\u010dke-2-radna-odje\u0107a-e1572421981174.jpg\",\"width\":1728,\"height\":2592,\"caption\":\"medical maternity pants, nurse pants\"},{\"@type\":\"BreadcrumbList\",\"@id\":\"https:\/\/pretafinir.hr\/en\/product\/maternity-pants-hera\/#breadcrumb\",\"itemListElement\":[{\"@type\":\"ListItem\",\"position\":1,\"name\":\"Po\u010detna stranica\",\"item\":\"https:\/\/pretafinir.hr\/en\/\"},{\"@type\":\"ListItem\",\"position\":2,\"name\":\"Shop\",\"item\":\"https:\/\/pretafinir.hr\/en\/shop\/\"},{\"@type\":\"ListItem\",\"position\":3,\"name\":\"Maternity pants HERA\"}]},{\"@type\":\"WebSite\",\"@id\":\"https:\/\/pretafinir.hr\/#website\",\"url\":\"https:\/\/pretafinir.hr\/\",\"name\":\"Pretafinir\",\"description\":\"Medicinska radna odje\u0107a\",\"publisher\":{\"@id\":\"https:\/\/pretafinir.hr\/#organization\"},\"potentialAction\":[{\"@type\":\"SearchAction\",\"target\":{\"@type\":\"EntryPoint\",\"urlTemplate\":\"https:\/\/pretafinir.hr\/?s={search_term_string}\"},\"query-input\":{\"@type\":\"PropertyValueSpecification\",\"valueRequired\":true,\"valueName\":\"search_term_string\"}}],\"inLanguage\":\"en-US\"},{\"@type\":\"Organization\",\"@id\":\"https:\/\/pretafinir.hr\/#organization\",\"name\":\"Pretafinir d.o.o.\",\"url\":\"https:\/\/pretafinir.hr\/\",\"logo\":{\"@type\":\"ImageObject\",\"inLanguage\":\"en-US\",\"@id\":\"https:\/\/pretafinir.hr\/#\/schema\/logo\/image\/\",\"url\":\"https:\/\/pretafinir.hr\/wp\/wp-content\/uploads\/2018\/11\/logo2.png\",\"contentUrl\":\"https:\/\/pretafinir.hr\/wp\/wp-content\/uploads\/2018\/11\/logo2.png\",\"width\":300,\"height\":108,\"caption\":\"Pretafinir d.o.o.\"},\"image\":{\"@id\":\"https:\/\/pretafinir.hr\/#\/schema\/logo\/image\/\"},\"sameAs\":[\"https:\/\/www.facebook.com\/pretafinirobrt\",\"https:\/\/www.instagram.com\/pretafinir\/?hl=hr\"]}]}<\/script>\n<!-- \/ Yoast SEO plugin. -->","yoast_head_json":{"title":"Maternity pants HERA - Pretafinir","robots":{"index":"index","follow":"follow","max-snippet":"max-snippet:-1","max-image-preview":"max-image-preview:large","max-video-preview":"max-video-preview:-1"},"canonical":"https:\/\/pretafinir.hr\/en\/product\/maternity-pants-hera\/","og_locale":"en_US","og_type":"article","og_title":"Maternity pants HERA - Pretafinir","og_description":"The trousers legs follow the leg line, the waistband at the waist at the back, elastic insert forward. In white and other colors the trouser HERA from material 60% cotton 40% polyester and elastic material in material 100% cotton or 97% cotton 3% elastin. For the exact number of trousers, it is only necessary to check only the circumference of the hips.\u00a0   Orders\u00a0 are accepted in other colors and sizes according to the map of colors and materials at pretafinir@pretafinir.hr.","og_url":"https:\/\/pretafinir.hr\/en\/product\/maternity-pants-hera\/","og_site_name":"Pretafinir","article_publisher":"https:\/\/www.facebook.com\/pretafinirobrt","article_modified_time":"2022-04-14T18:43:11+00:00","og_image":[{"width":1728,"height":2592,"url":"https:\/\/pretafinir.hr\/wp\/wp-content\/uploads\/2019\/04\/hla\u010de-trudni\u010dke-2-radna-odje\u0107a-e1572421981174.jpg","type":"image\/jpeg"}],"twitter_card":"summary_large_image","schema":{"@context":"https:\/\/schema.org","@graph":[{"@type":"WebPage","@id":"https:\/\/pretafinir.hr\/en\/product\/maternity-pants-hera\/","url":"https:\/\/pretafinir.hr\/en\/product\/maternity-pants-hera\/","name":"Maternity pants HERA - Pretafinir","isPartOf":{"@id":"https:\/\/pretafinir.hr\/#website"},"primaryImageOfPage":{"@id":"https:\/\/pretafinir.hr\/en\/product\/maternity-pants-hera\/#primaryimage"},"image":{"@id":"https:\/\/pretafinir.hr\/en\/product\/maternity-pants-hera\/#primaryimage"},"thumbnailUrl":"https:\/\/pretafinir.hr\/wp\/wp-content\/uploads\/2019\/04\/hla\u010de-trudni\u010dke-2-radna-odje\u0107a-e1572421981174.jpg","datePublished":"2019-04-09T21:58:56+00:00","dateModified":"2022-04-14T18:43:11+00:00","breadcrumb":{"@id":"https:\/\/pretafinir.hr\/en\/product\/maternity-pants-hera\/#breadcrumb"},"inLanguage":"en-US","potentialAction":[{"@type":"ReadAction","target":["https:\/\/pretafinir.hr\/en\/product\/maternity-pants-hera\/"]}]},{"@type":"ImageObject","inLanguage":"en-US","@id":"https:\/\/pretafinir.hr\/en\/product\/maternity-pants-hera\/#primaryimage","url":"https:\/\/pretafinir.hr\/wp\/wp-content\/uploads\/2019\/04\/hla\u010de-trudni\u010dke-2-radna-odje\u0107a-e1572421981174.jpg","contentUrl":"https:\/\/pretafinir.hr\/wp\/wp-content\/uploads\/2019\/04\/hla\u010de-trudni\u010dke-2-radna-odje\u0107a-e1572421981174.jpg","width":1728,"height":2592,"caption":"medical maternity pants, nurse pants"},{"@type":"BreadcrumbList","@id":"https:\/\/pretafinir.hr\/en\/product\/maternity-pants-hera\/#breadcrumb","itemListElement":[{"@type":"ListItem","position":1,"name":"Po\u010detna stranica","item":"https:\/\/pretafinir.hr\/en\/"},{"@type":"ListItem","position":2,"name":"Shop","item":"https:\/\/pretafinir.hr\/en\/shop\/"},{"@type":"ListItem","position":3,"name":"Maternity pants HERA"}]},{"@type":"WebSite","@id":"https:\/\/pretafinir.hr\/#website","url":"https:\/\/pretafinir.hr\/","name":"Pretafinir","description":"Medicinska radna odje\u0107a","publisher":{"@id":"https:\/\/pretafinir.hr\/#organization"},"potentialAction":[{"@type":"SearchAction","target":{"@type":"EntryPoint","urlTemplate":"https:\/\/pretafinir.hr\/?s={search_term_string}"},"query-input":{"@type":"PropertyValueSpecification","valueRequired":true,"valueName":"search_term_string"}}],"inLanguage":"en-US"},{"@type":"Organization","@id":"https:\/\/pretafinir.hr\/#organization","name":"Pretafinir d.o.o.","url":"https:\/\/pretafinir.hr\/","logo":{"@type":"ImageObject","inLanguage":"en-US","@id":"https:\/\/pretafinir.hr\/#\/schema\/logo\/image\/","url":"https:\/\/pretafinir.hr\/wp\/wp-content\/uploads\/2018\/11\/logo2.png","contentUrl":"https:\/\/pretafinir.hr\/wp\/wp-content\/uploads\/2018\/11\/logo2.png","width":300,"height":108,"caption":"Pretafinir d.o.o."},"image":{"@id":"https:\/\/pretafinir.hr\/#\/schema\/logo\/image\/"},"sameAs":["https:\/\/www.facebook.com\/pretafinirobrt","https:\/\/www.instagram.com\/pretafinir\/?hl=hr"]}]}},"_links":{"self":[{"href":"https:\/\/pretafinir.hr\/en\/wp-json\/wp\/v2\/product\/11959","targetHints":{"allow":["GET"]}}],"collection":[{"href":"https:\/\/pretafinir.hr\/en\/wp-json\/wp\/v2\/product"}],"about":[{"href":"https:\/\/pretafinir.hr\/en\/wp-json\/wp\/v2\/types\/product"}],"wp:featuredmedia":[{"embeddable":true,"href":"https:\/\/pretafinir.hr\/en\/wp-json\/wp\/v2\/media\/8188"}],"wp:attachment":[{"href":"https:\/\/pretafinir.hr\/en\/wp-json\/wp\/v2\/media?parent=11959"}],"wp:term":[{"taxonomy":"product_brand","embeddable":true,"href":"https:\/\/pretafinir.hr\/en\/wp-json\/wp\/v2\/product_brand?post=11959"},{"taxonomy":"product_cat","embeddable":true,"href":"https:\/\/pretafinir.hr\/en\/wp-json\/wp\/v2\/product_cat?post=11959"},{"taxonomy":"product_tag","embeddable":true,"href":"https:\/\/pretafinir.hr\/en\/wp-json\/wp\/v2\/product_tag?post=11959"}],"curies":[{"name":"wp","href":"https:\/\/api.w.org\/{rel}","templated":true}]}}