{"id":17807,"date":"2025-08-24T20:40:32","date_gmt":"2025-08-24T20:40:32","guid":{"rendered":"https:\/\/pretafinir.hr\/?post_type=product&#038;p=17807"},"modified":"2026-02-11T23:11:58","modified_gmt":"2026-02-11T23:11:58","slug":"maternity-blouze-egina-2","status":"publish","type":"product","link":"https:\/\/pretafinir.hr\/en\/product\/maternity-blouze-egina-2\/","title":{"rendered":"Maternity blouse EGINA 2"},"content":{"rendered":"","protected":false},"excerpt":{"rendered":"<p>Maternity blouse EGINA 2 &#8211; high-set belt fixed to the front with ties on the back allows for comfortable wearing at all stages of pregnancy, one pocket, short sleeves. Not available in sizes larger than size 42.<\/p>\n<p>Maternity blouses in sizes larger than size 42 are the <a href=\"https:\/\/pretafinir.hr\/en\/product\/blouze-maternity-venera\/\">maternity blouse VENERA<\/a> and the <a href=\"https:\/\/pretafinir.hr\/en\/product\/maternity-blouse-sparta\/\">maternity blouse SPARTA.<\/a> The size of all blouses for pregnant women is determined by measuring only the chest circumference according to the <a href=\"https:\/\/pretafinir.hr\/en\/table-of-sizes\/\">table of sizes<\/a>.<\/p>\n<p>Maternity blouse EGINA can be ordered with 3\/4 sleeves and in other colors according to the color and material chart at <a href=\"mailto:pretafinir@pretafinir.hr\">pretafinir@pretafinir.hr<\/a>.<\/p>\n<p>White color: 60% cotton 40% polyester<\/p>\n<p>Salmon color: 50% cotton 50% polyester<\/p>\n<pre id=\"tw-target-text\" class=\"tw-data-text tw-text-large tw-ta\" dir=\"ltr\" data-placeholder=\"Prijevod\" data-ved=\"2ahUKEwjK-9rNsKSPAxXgQ_EDHRA-DBIQ3ewLegQICRAV\" aria-label=\"Prevedeni tekst: allows comfortable wear in all stages of pregnancy, one pocket, short sleeves. It is not made in sizes larger than size 42. Orders for 3\/4 sleeves and in other colors according to the color and material chart at pretafinir@pretafinir.hr. The size is determined only with the exact chest circumference according to the table of ready-made numbers. The maternity blouse EGINA 2 does not have a raised collar like the maternity blouse EGINA, which will no longer be produced after the stock is sold.\"><\/pre>\n","protected":false},"featured_media":17788,"template":"","meta":[],"product_brand":[],"product_cat":[353,127,133,134],"product_tag":[],"class_list":{"0":"post-17807","1":"product","2":"type-product","3":"status-publish","4":"has-post-thumbnail","6":"product_cat-maternity-working-clothes-en","7":"product_cat-medical-working-clothes","8":"product_cat-medical-working-clothes-for-women","9":"product_cat-women-blouses","11":"first","12":"instock","13":"shipping-taxable","14":"purchasable","15":"product-type-variable","16":"has-default-attributes"},"yoast_head":"<!-- This site is optimized with the Yoast SEO plugin v25.2 - https:\/\/yoast.com\/wordpress\/plugins\/seo\/ -->\n<title>Maternity blouse EGINA 2 - Pretafinir<\/title>\n<meta name=\"robots\" content=\"index, follow, max-snippet:-1, max-image-preview:large, max-video-preview:-1\" \/>\n<link rel=\"canonical\" href=\"https:\/\/pretafinir.hr\/en\/product\/maternity-blouze-egina-2\/\" \/>\n<meta property=\"og:locale\" content=\"en_US\" \/>\n<meta property=\"og:type\" content=\"article\" \/>\n<meta property=\"og:title\" content=\"Maternity blouse EGINA 2 - Pretafinir\" \/>\n<meta property=\"og:description\" content=\"Maternity blouse EGINA 2 - high-set belt fixed to the front with ties on the back allows for comfortable wearing at all stages of pregnancy, one pocket, short sleeves. Not available in sizes larger than size 42.  Maternity blouses in sizes larger than size 42 are the maternity blouse VENERA and the maternity blouse SPARTA. The size of all blouses for pregnant women is determined by measuring only the chest circumference according to the table of sizes.  Maternity blouse EGINA can be ordered with 3\/4 sleeves and in other colors according to the color and material chart at pretafinir@pretafinir.hr.  White color: 60% cotton 40% polyester  Salmon color: 50% cotton 50% polyester\" \/>\n<meta property=\"og:url\" content=\"https:\/\/pretafinir.hr\/en\/product\/maternity-blouze-egina-2\/\" \/>\n<meta property=\"og:site_name\" content=\"Pretafinir\" \/>\n<meta property=\"article:publisher\" content=\"https:\/\/www.facebook.com\/pretafinirobrt\" \/>\n<meta property=\"article:modified_time\" content=\"2026-02-11T23:11:58+00:00\" \/>\n<meta property=\"og:image\" content=\"https:\/\/pretafinir.hr\/wp\/wp-content\/uploads\/2025\/08\/bluza-EGINA-2-trudnicka-boja-lososa.jpg\" \/>\n\t<meta property=\"og:image:width\" content=\"1280\" \/>\n\t<meta property=\"og:image:height\" content=\"1920\" \/>\n\t<meta property=\"og:image:type\" content=\"image\/jpeg\" \/>\n<meta name=\"twitter:card\" content=\"summary_large_image\" \/>\n<meta name=\"twitter:label1\" content=\"Est. reading time\" \/>\n\t<meta name=\"twitter:data1\" content=\"1 minute\" \/>\n<script type=\"application\/ld+json\" class=\"yoast-schema-graph\">{\"@context\":\"https:\/\/schema.org\",\"@graph\":[{\"@type\":\"WebPage\",\"@id\":\"https:\/\/pretafinir.hr\/en\/product\/maternity-blouze-egina-2\/\",\"url\":\"https:\/\/pretafinir.hr\/en\/product\/maternity-blouze-egina-2\/\",\"name\":\"Maternity blouse EGINA 2 - Pretafinir\",\"isPartOf\":{\"@id\":\"https:\/\/pretafinir.hr\/#website\"},\"primaryImageOfPage\":{\"@id\":\"https:\/\/pretafinir.hr\/en\/product\/maternity-blouze-egina-2\/#primaryimage\"},\"image\":{\"@id\":\"https:\/\/pretafinir.hr\/en\/product\/maternity-blouze-egina-2\/#primaryimage\"},\"thumbnailUrl\":\"https:\/\/pretafinir.hr\/wp\/wp-content\/uploads\/2025\/08\/bluza-EGINA-trudnicka-bijela.jpg\",\"datePublished\":\"2025-08-24T20:40:32+00:00\",\"dateModified\":\"2026-02-11T23:11:58+00:00\",\"breadcrumb\":{\"@id\":\"https:\/\/pretafinir.hr\/en\/product\/maternity-blouze-egina-2\/#breadcrumb\"},\"inLanguage\":\"en-US\",\"potentialAction\":[{\"@type\":\"ReadAction\",\"target\":[\"https:\/\/pretafinir.hr\/en\/product\/maternity-blouze-egina-2\/\"]}]},{\"@type\":\"ImageObject\",\"inLanguage\":\"en-US\",\"@id\":\"https:\/\/pretafinir.hr\/en\/product\/maternity-blouze-egina-2\/#primaryimage\",\"url\":\"https:\/\/pretafinir.hr\/wp\/wp-content\/uploads\/2025\/08\/bluza-EGINA-trudnicka-bijela.jpg\",\"contentUrl\":\"https:\/\/pretafinir.hr\/wp\/wp-content\/uploads\/2025\/08\/bluza-EGINA-trudnicka-bijela.jpg\",\"width\":1280,\"height\":1920,\"caption\":\"medicinska odje\u0107a, trudni\u010dka medicinska odje\u0107a, kute za trudnice, trudni\u010dke uniforme\"},{\"@type\":\"BreadcrumbList\",\"@id\":\"https:\/\/pretafinir.hr\/en\/product\/maternity-blouze-egina-2\/#breadcrumb\",\"itemListElement\":[{\"@type\":\"ListItem\",\"position\":1,\"name\":\"Po\u010detna stranica\",\"item\":\"https:\/\/pretafinir.hr\/en\/\"},{\"@type\":\"ListItem\",\"position\":2,\"name\":\"Shop\",\"item\":\"https:\/\/pretafinir.hr\/en\/shop\/\"},{\"@type\":\"ListItem\",\"position\":3,\"name\":\"Maternity blouse EGINA 2\"}]},{\"@type\":\"WebSite\",\"@id\":\"https:\/\/pretafinir.hr\/#website\",\"url\":\"https:\/\/pretafinir.hr\/\",\"name\":\"Pretafinir\",\"description\":\"Medicinska radna odje\u0107a\",\"publisher\":{\"@id\":\"https:\/\/pretafinir.hr\/#organization\"},\"potentialAction\":[{\"@type\":\"SearchAction\",\"target\":{\"@type\":\"EntryPoint\",\"urlTemplate\":\"https:\/\/pretafinir.hr\/?s={search_term_string}\"},\"query-input\":{\"@type\":\"PropertyValueSpecification\",\"valueRequired\":true,\"valueName\":\"search_term_string\"}}],\"inLanguage\":\"en-US\"},{\"@type\":\"Organization\",\"@id\":\"https:\/\/pretafinir.hr\/#organization\",\"name\":\"Pretafinir d.o.o.\",\"url\":\"https:\/\/pretafinir.hr\/\",\"logo\":{\"@type\":\"ImageObject\",\"inLanguage\":\"en-US\",\"@id\":\"https:\/\/pretafinir.hr\/#\/schema\/logo\/image\/\",\"url\":\"https:\/\/pretafinir.hr\/wp\/wp-content\/uploads\/2018\/11\/logo2.png\",\"contentUrl\":\"https:\/\/pretafinir.hr\/wp\/wp-content\/uploads\/2018\/11\/logo2.png\",\"width\":300,\"height\":108,\"caption\":\"Pretafinir d.o.o.\"},\"image\":{\"@id\":\"https:\/\/pretafinir.hr\/#\/schema\/logo\/image\/\"},\"sameAs\":[\"https:\/\/www.facebook.com\/pretafinirobrt\",\"https:\/\/www.instagram.com\/pretafinir\/?hl=hr\"]}]}<\/script>\n<!-- \/ Yoast SEO plugin. -->","yoast_head_json":{"title":"Maternity blouse EGINA 2 - Pretafinir","robots":{"index":"index","follow":"follow","max-snippet":"max-snippet:-1","max-image-preview":"max-image-preview:large","max-video-preview":"max-video-preview:-1"},"canonical":"https:\/\/pretafinir.hr\/en\/product\/maternity-blouze-egina-2\/","og_locale":"en_US","og_type":"article","og_title":"Maternity blouse EGINA 2 - Pretafinir","og_description":"Maternity blouse EGINA 2 - high-set belt fixed to the front with ties on the back allows for comfortable wearing at all stages of pregnancy, one pocket, short sleeves. Not available in sizes larger than size 42.  Maternity blouses in sizes larger than size 42 are the maternity blouse VENERA and the maternity blouse SPARTA. The size of all blouses for pregnant women is determined by measuring only the chest circumference according to the table of sizes.  Maternity blouse EGINA can be ordered with 3\/4 sleeves and in other colors according to the color and material chart at pretafinir@pretafinir.hr.  White color: 60% cotton 40% polyester  Salmon color: 50% cotton 50% polyester","og_url":"https:\/\/pretafinir.hr\/en\/product\/maternity-blouze-egina-2\/","og_site_name":"Pretafinir","article_publisher":"https:\/\/www.facebook.com\/pretafinirobrt","article_modified_time":"2026-02-11T23:11:58+00:00","og_image":[{"width":1280,"height":1920,"url":"https:\/\/pretafinir.hr\/wp\/wp-content\/uploads\/2025\/08\/bluza-EGINA-2-trudnicka-boja-lososa.jpg","type":"image\/jpeg"}],"twitter_card":"summary_large_image","twitter_misc":{"Est. reading time":"1 minute"},"schema":{"@context":"https:\/\/schema.org","@graph":[{"@type":"WebPage","@id":"https:\/\/pretafinir.hr\/en\/product\/maternity-blouze-egina-2\/","url":"https:\/\/pretafinir.hr\/en\/product\/maternity-blouze-egina-2\/","name":"Maternity blouse EGINA 2 - Pretafinir","isPartOf":{"@id":"https:\/\/pretafinir.hr\/#website"},"primaryImageOfPage":{"@id":"https:\/\/pretafinir.hr\/en\/product\/maternity-blouze-egina-2\/#primaryimage"},"image":{"@id":"https:\/\/pretafinir.hr\/en\/product\/maternity-blouze-egina-2\/#primaryimage"},"thumbnailUrl":"https:\/\/pretafinir.hr\/wp\/wp-content\/uploads\/2025\/08\/bluza-EGINA-trudnicka-bijela.jpg","datePublished":"2025-08-24T20:40:32+00:00","dateModified":"2026-02-11T23:11:58+00:00","breadcrumb":{"@id":"https:\/\/pretafinir.hr\/en\/product\/maternity-blouze-egina-2\/#breadcrumb"},"inLanguage":"en-US","potentialAction":[{"@type":"ReadAction","target":["https:\/\/pretafinir.hr\/en\/product\/maternity-blouze-egina-2\/"]}]},{"@type":"ImageObject","inLanguage":"en-US","@id":"https:\/\/pretafinir.hr\/en\/product\/maternity-blouze-egina-2\/#primaryimage","url":"https:\/\/pretafinir.hr\/wp\/wp-content\/uploads\/2025\/08\/bluza-EGINA-trudnicka-bijela.jpg","contentUrl":"https:\/\/pretafinir.hr\/wp\/wp-content\/uploads\/2025\/08\/bluza-EGINA-trudnicka-bijela.jpg","width":1280,"height":1920,"caption":"medicinska odje\u0107a, trudni\u010dka medicinska odje\u0107a, kute za trudnice, trudni\u010dke uniforme"},{"@type":"BreadcrumbList","@id":"https:\/\/pretafinir.hr\/en\/product\/maternity-blouze-egina-2\/#breadcrumb","itemListElement":[{"@type":"ListItem","position":1,"name":"Po\u010detna stranica","item":"https:\/\/pretafinir.hr\/en\/"},{"@type":"ListItem","position":2,"name":"Shop","item":"https:\/\/pretafinir.hr\/en\/shop\/"},{"@type":"ListItem","position":3,"name":"Maternity blouse EGINA 2"}]},{"@type":"WebSite","@id":"https:\/\/pretafinir.hr\/#website","url":"https:\/\/pretafinir.hr\/","name":"Pretafinir","description":"Medicinska radna odje\u0107a","publisher":{"@id":"https:\/\/pretafinir.hr\/#organization"},"potentialAction":[{"@type":"SearchAction","target":{"@type":"EntryPoint","urlTemplate":"https:\/\/pretafinir.hr\/?s={search_term_string}"},"query-input":{"@type":"PropertyValueSpecification","valueRequired":true,"valueName":"search_term_string"}}],"inLanguage":"en-US"},{"@type":"Organization","@id":"https:\/\/pretafinir.hr\/#organization","name":"Pretafinir d.o.o.","url":"https:\/\/pretafinir.hr\/","logo":{"@type":"ImageObject","inLanguage":"en-US","@id":"https:\/\/pretafinir.hr\/#\/schema\/logo\/image\/","url":"https:\/\/pretafinir.hr\/wp\/wp-content\/uploads\/2018\/11\/logo2.png","contentUrl":"https:\/\/pretafinir.hr\/wp\/wp-content\/uploads\/2018\/11\/logo2.png","width":300,"height":108,"caption":"Pretafinir d.o.o."},"image":{"@id":"https:\/\/pretafinir.hr\/#\/schema\/logo\/image\/"},"sameAs":["https:\/\/www.facebook.com\/pretafinirobrt","https:\/\/www.instagram.com\/pretafinir\/?hl=hr"]}]}},"_links":{"self":[{"href":"https:\/\/pretafinir.hr\/en\/wp-json\/wp\/v2\/product\/17807","targetHints":{"allow":["GET"]}}],"collection":[{"href":"https:\/\/pretafinir.hr\/en\/wp-json\/wp\/v2\/product"}],"about":[{"href":"https:\/\/pretafinir.hr\/en\/wp-json\/wp\/v2\/types\/product"}],"wp:featuredmedia":[{"embeddable":true,"href":"https:\/\/pretafinir.hr\/en\/wp-json\/wp\/v2\/media\/17788"}],"wp:attachment":[{"href":"https:\/\/pretafinir.hr\/en\/wp-json\/wp\/v2\/media?parent=17807"}],"wp:term":[{"taxonomy":"product_brand","embeddable":true,"href":"https:\/\/pretafinir.hr\/en\/wp-json\/wp\/v2\/product_brand?post=17807"},{"taxonomy":"product_cat","embeddable":true,"href":"https:\/\/pretafinir.hr\/en\/wp-json\/wp\/v2\/product_cat?post=17807"},{"taxonomy":"product_tag","embeddable":true,"href":"https:\/\/pretafinir.hr\/en\/wp-json\/wp\/v2\/product_tag?post=17807"}],"curies":[{"name":"wp","href":"https:\/\/api.w.org\/{rel}","templated":true}]}}